{"id":8997,"date":"2025-09-18T14:29:09","date_gmt":"2025-09-18T12:29:09","guid":{"rendered":"https:\/\/sig-land.com\/?post_type=product&#038;p=8997"},"modified":"2025-10-18T00:42:31","modified_gmt":"2025-10-17T22:42:31","slug":"hard-d-milky-top","status":"publish","type":"product","link":"https:\/\/sig-land.com\/en\/Proizvod\/hard-d-milky-top\/","title":{"rendered":"Glossy silver, Velvet white, Velvet gold, Mate"},"content":{"rendered":"<p>Za idealan velvet izgled noktiju.<br \/>\nSrednje guste konzistencije, bez odma\u0161\u0107ivanja.<br \/>\nPakovanje: 11ml<br \/>\nSu\u0161enje: 60sec u lampi od 48w<\/p>\n","protected":false},"excerpt":{"rendered":"<p>Za idealan velvet izgled noktiju. Srednje guste konzistencije, bez odma\u0161\u0107ivanja. Pakovanje: 11ml Su\u0161enje: 60sec u lampi od 48w<\/p>\n","protected":false},"featured_media":7037,"template":"","meta":[],"product_brand":[],"product_cat":[39],"product_tag":[],"class_list":{"0":"post-8997","1":"product","2":"type-product","3":"status-publish","4":"has-post-thumbnail","6":"product_cat-zavrsni-sjajevi","8":"first","9":"instock","10":"taxable","11":"shipping-taxable","12":"purchasable","13":"product-type-variable"},"lang":"bs","translations":{"bs":8997},"_links":{"self":[{"href":"https:\/\/sig-land.com\/en\/wp-json\/wp\/v2\/product\/8997","targetHints":{"allow":["GET"]}}],"collection":[{"href":"https:\/\/sig-land.com\/en\/wp-json\/wp\/v2\/product"}],"about":[{"href":"https:\/\/sig-land.com\/en\/wp-json\/wp\/v2\/types\/product"}],"version-history":[{"count":4,"href":"https:\/\/sig-land.com\/en\/wp-json\/wp\/v2\/product\/8997\/revisions"}],"predecessor-version":[{"id":10553,"href":"https:\/\/sig-land.com\/en\/wp-json\/wp\/v2\/product\/8997\/revisions\/10553"}],"wp:featuredmedia":[{"embeddable":true,"href":"https:\/\/sig-land.com\/en\/wp-json\/wp\/v2\/media\/7037"}],"wp:attachment":[{"href":"https:\/\/sig-land.com\/en\/wp-json\/wp\/v2\/media?parent=8997"}],"wp:term":[{"taxonomy":"product_brand","embeddable":true,"href":"https:\/\/sig-land.com\/en\/wp-json\/wp\/v2\/product_brand?post=8997"},{"taxonomy":"product_cat","embeddable":true,"href":"https:\/\/sig-land.com\/en\/wp-json\/wp\/v2\/product_cat?post=8997"},{"taxonomy":"product_tag","embeddable":true,"href":"https:\/\/sig-land.com\/en\/wp-json\/wp\/v2\/product_tag?post=8997"}],"curies":[{"name":"wp","href":"https:\/\/api.w.org\/{rel}","templated":true}]}}