{"id":8531,"date":"2025-05-23T06:05:10","date_gmt":"2025-05-23T06:05:10","guid":{"rendered":"https:\/\/sig-land.com\/?post_type=product&#038;p=8531"},"modified":"2026-01-09T16:49:29","modified_gmt":"2026-01-09T15:49:29","slug":"base-sense-11-12-13-14-15","status":"publish","type":"product","link":"https:\/\/sig-land.com\/en\/Proizvod\/base-sense-11-12-13-14-15\/","title":{"rendered":"Base Sense 11, 12, 13, 14, 15"},"content":{"rendered":"<p>Flash send baze su reflektuju\u0107e baze srednje konzistencije, jednostavne za nano\u0161enje.<br \/>\nImaju funkciju samonivelisanja i zasi\u0107ene pigmentacije.<br \/>\nPakovanje 11ml<br \/>\nSu\u0161enje: 60-90 sec u lampi od 48w<\/p>\n","protected":false},"excerpt":{"rendered":"<p>Flash send baze su reflektuju\u0107e baze srednje konzistencije, jednostavne za nano\u0161enje. Imaju funkciju samonivelisanja i zasi\u0107ene pigmentacije. Pakovanje 11ml Su\u0161enje:&#8230;<\/p>\n","protected":false},"featured_media":9386,"template":"","meta":[],"product_brand":[],"product_cat":[36],"product_tag":[],"class_list":{"0":"post-8531","1":"product","2":"type-product","3":"status-publish","4":"has-post-thumbnail","6":"product_cat-baze","8":"first","9":"instock","10":"taxable","11":"shipping-taxable","12":"purchasable","13":"product-type-variable"},"lang":"bs","translations":{"bs":8531},"_links":{"self":[{"href":"https:\/\/sig-land.com\/en\/wp-json\/wp\/v2\/product\/8531","targetHints":{"allow":["GET"]}}],"collection":[{"href":"https:\/\/sig-land.com\/en\/wp-json\/wp\/v2\/product"}],"about":[{"href":"https:\/\/sig-land.com\/en\/wp-json\/wp\/v2\/types\/product"}],"version-history":[{"count":2,"href":"https:\/\/sig-land.com\/en\/wp-json\/wp\/v2\/product\/8531\/revisions"}],"predecessor-version":[{"id":9320,"href":"https:\/\/sig-land.com\/en\/wp-json\/wp\/v2\/product\/8531\/revisions\/9320"}],"wp:featuredmedia":[{"embeddable":true,"href":"https:\/\/sig-land.com\/en\/wp-json\/wp\/v2\/media\/9386"}],"wp:attachment":[{"href":"https:\/\/sig-land.com\/en\/wp-json\/wp\/v2\/media?parent=8531"}],"wp:term":[{"taxonomy":"product_brand","embeddable":true,"href":"https:\/\/sig-land.com\/en\/wp-json\/wp\/v2\/product_brand?post=8531"},{"taxonomy":"product_cat","embeddable":true,"href":"https:\/\/sig-land.com\/en\/wp-json\/wp\/v2\/product_cat?post=8531"},{"taxonomy":"product_tag","embeddable":true,"href":"https:\/\/sig-land.com\/en\/wp-json\/wp\/v2\/product_tag?post=8531"}],"curies":[{"name":"wp","href":"https:\/\/api.w.org\/{rel}","templated":true}]}}