{"id":6825,"date":"2024-11-15T20:42:54","date_gmt":"2024-11-15T20:42:54","guid":{"rendered":"https:\/\/sig-land.com\/?post_type=product&#038;p=6825"},"modified":"2026-03-05T14:43:21","modified_gmt":"2026-03-05T13:43:21","slug":"top-dance-marlin-magic-milky-snow","status":"publish","type":"product","link":"https:\/\/sig-land.com\/en\/Proizvod\/top-dance-marlin-magic-milky-snow\/","title":{"rendered":"Top Dance, Marlin Magic, Milky, Snow"},"content":{"rendered":"<p>Za idealan velvet izgled noktiju.<br \/>\nSrednje guste konzistencije, bez odma\u0161\u0107ivanja.<br \/>\nPakovanje: 11ml<br \/>\nSu\u0161enje: 60sec u lampi od 48w<\/p>\n","protected":false},"excerpt":{"rendered":"<p>Za idealan velvet izgled noktiju. Srednje guste konzistencije, bez odma\u0161\u0107ivanja. Pakovanje: 11ml Su\u0161enje: 60sec u lampi od 48w<\/p>\n","protected":false},"featured_media":9532,"template":"","meta":[],"product_brand":[],"product_cat":[39],"product_tag":[],"class_list":{"0":"post-6825","1":"product","2":"type-product","3":"status-publish","4":"has-post-thumbnail","6":"product_cat-zavrsni-sjajevi","8":"first","9":"instock","10":"taxable","11":"shipping-taxable","12":"purchasable","13":"product-type-variable"},"lang":"bs","translations":{"bs":6825},"_links":{"self":[{"href":"https:\/\/sig-land.com\/en\/wp-json\/wp\/v2\/product\/6825","targetHints":{"allow":["GET"]}}],"collection":[{"href":"https:\/\/sig-land.com\/en\/wp-json\/wp\/v2\/product"}],"about":[{"href":"https:\/\/sig-land.com\/en\/wp-json\/wp\/v2\/types\/product"}],"version-history":[{"count":6,"href":"https:\/\/sig-land.com\/en\/wp-json\/wp\/v2\/product\/6825\/revisions"}],"predecessor-version":[{"id":10547,"href":"https:\/\/sig-land.com\/en\/wp-json\/wp\/v2\/product\/6825\/revisions\/10547"}],"wp:featuredmedia":[{"embeddable":true,"href":"https:\/\/sig-land.com\/en\/wp-json\/wp\/v2\/media\/9532"}],"wp:attachment":[{"href":"https:\/\/sig-land.com\/en\/wp-json\/wp\/v2\/media?parent=6825"}],"wp:term":[{"taxonomy":"product_brand","embeddable":true,"href":"https:\/\/sig-land.com\/en\/wp-json\/wp\/v2\/product_brand?post=6825"},{"taxonomy":"product_cat","embeddable":true,"href":"https:\/\/sig-land.com\/en\/wp-json\/wp\/v2\/product_cat?post=6825"},{"taxonomy":"product_tag","embeddable":true,"href":"https:\/\/sig-land.com\/en\/wp-json\/wp\/v2\/product_tag?post=6825"}],"curies":[{"name":"wp","href":"https:\/\/api.w.org\/{rel}","templated":true}]}}