{"id":6811,"date":"2024-11-15T20:42:39","date_gmt":"2024-11-15T20:42:39","guid":{"rendered":"https:\/\/sig-land.com\/?post_type=product&#038;p=6811"},"modified":"2026-01-09T17:28:32","modified_gmt":"2026-01-09T16:28:32","slug":"base-light-109-110-111-112-113","status":"publish","type":"product","link":"https:\/\/sig-land.com\/en\/Proizvod\/base-light-109-110-111-112-113\/","title":{"rendered":"Base Light 109, 110, 111, 112, 113"},"content":{"rendered":"<p>Providna baza od vlakana sa fibroblastom posebno kreirana za tanke i oste\u0107ene nokte, za dodatno ja\u010danje i u\u010dvr\u0161\u0107ivanje.<br \/>\nBez peckanja tokom polimerizacije, sa niskim sadr\u017eajem kiselina, stedi nokatnu plo\u010du.<br \/>\nNanovlakna stvaraju jak okvir za oja\u010danje i popunjavaju sve pukotine i nepravilnosti.<br \/>\nNije potrebno odma\u0161\u0107ivati nakon su\u0161enja.<br \/>\nPakovanje: 11ml<br \/>\nSu\u0161enje: 60sec u lampi ja\u010dine 48w<\/p>\n","protected":false},"excerpt":{"rendered":"<p>Providna baza od vlakana sa fibroblastom posebno kreirana za tanke i oste\u0107ene nokte, za dodatno ja\u010danje i u\u010dvr\u0161\u0107ivanje. Bez peckanja&#8230;<\/p>\n","protected":false},"featured_media":9370,"template":"","meta":[],"product_brand":[],"product_cat":[36],"product_tag":[],"class_list":{"0":"post-6811","1":"product","2":"type-product","3":"status-publish","4":"has-post-thumbnail","6":"product_cat-baze","8":"first","9":"instock","10":"taxable","11":"shipping-taxable","12":"purchasable","13":"product-type-variable"},"lang":"bs","translations":{"bs":6811},"_links":{"self":[{"href":"https:\/\/sig-land.com\/en\/wp-json\/wp\/v2\/product\/6811","targetHints":{"allow":["GET"]}}],"collection":[{"href":"https:\/\/sig-land.com\/en\/wp-json\/wp\/v2\/product"}],"about":[{"href":"https:\/\/sig-land.com\/en\/wp-json\/wp\/v2\/types\/product"}],"version-history":[{"count":4,"href":"https:\/\/sig-land.com\/en\/wp-json\/wp\/v2\/product\/6811\/revisions"}],"predecessor-version":[{"id":30182,"href":"https:\/\/sig-land.com\/en\/wp-json\/wp\/v2\/product\/6811\/revisions\/30182"}],"wp:featuredmedia":[{"embeddable":true,"href":"https:\/\/sig-land.com\/en\/wp-json\/wp\/v2\/media\/9370"}],"wp:attachment":[{"href":"https:\/\/sig-land.com\/en\/wp-json\/wp\/v2\/media?parent=6811"}],"wp:term":[{"taxonomy":"product_brand","embeddable":true,"href":"https:\/\/sig-land.com\/en\/wp-json\/wp\/v2\/product_brand?post=6811"},{"taxonomy":"product_cat","embeddable":true,"href":"https:\/\/sig-land.com\/en\/wp-json\/wp\/v2\/product_cat?post=6811"},{"taxonomy":"product_tag","embeddable":true,"href":"https:\/\/sig-land.com\/en\/wp-json\/wp\/v2\/product_tag?post=6811"}],"curies":[{"name":"wp","href":"https:\/\/api.w.org\/{rel}","templated":true}]}}