{"id":6727,"date":"2024-11-15T20:40:16","date_gmt":"2024-11-15T20:40:16","guid":{"rendered":"https:\/\/sig-land.com\/?post_type=product&#038;p=6727"},"modified":"2026-01-09T17:14:23","modified_gmt":"2026-01-09T16:14:23","slug":"base-potal-117118120121","status":"publish","type":"product","link":"https:\/\/sig-land.com\/en\/Proizvod\/base-potal-117118120121\/","title":{"rendered":"Base Potal 117, 118, 120, 121"},"content":{"rendered":"<p>Flash send baze su reflektuju\u0107e baze srednje konzistencije, jednostavne za nano\u0161enje.<br \/>\nImaju funkciju samonivelisanja i zasi\u0107ene pigmentacije.<br \/>\nPakovanje 11ml<br \/>\nSu\u0161enje: 60-90 sec u lampi od 48w<\/p>\n","protected":false},"excerpt":{"rendered":"<p>Flash send baze su reflektuju\u0107e baze srednje konzistencije, jednostavne za nano\u0161enje. Imaju funkciju samonivelisanja i zasi\u0107ene pigmentacije. Pakovanje 11ml Su\u0161enje:&#8230;<\/p>\n","protected":false},"featured_media":9380,"template":"","meta":[],"product_brand":[],"product_cat":[36],"product_tag":[],"class_list":{"0":"post-6727","1":"product","2":"type-product","3":"status-publish","4":"has-post-thumbnail","6":"product_cat-baze","8":"first","9":"instock","10":"taxable","11":"shipping-taxable","12":"purchasable","13":"product-type-variable"},"lang":"bs","translations":{"bs":6727},"_links":{"self":[{"href":"https:\/\/sig-land.com\/en\/wp-json\/wp\/v2\/product\/6727","targetHints":{"allow":["GET"]}}],"collection":[{"href":"https:\/\/sig-land.com\/en\/wp-json\/wp\/v2\/product"}],"about":[{"href":"https:\/\/sig-land.com\/en\/wp-json\/wp\/v2\/types\/product"}],"version-history":[{"count":4,"href":"https:\/\/sig-land.com\/en\/wp-json\/wp\/v2\/product\/6727\/revisions"}],"predecessor-version":[{"id":9350,"href":"https:\/\/sig-land.com\/en\/wp-json\/wp\/v2\/product\/6727\/revisions\/9350"}],"wp:featuredmedia":[{"embeddable":true,"href":"https:\/\/sig-land.com\/en\/wp-json\/wp\/v2\/media\/9380"}],"wp:attachment":[{"href":"https:\/\/sig-land.com\/en\/wp-json\/wp\/v2\/media?parent=6727"}],"wp:term":[{"taxonomy":"product_brand","embeddable":true,"href":"https:\/\/sig-land.com\/en\/wp-json\/wp\/v2\/product_brand?post=6727"},{"taxonomy":"product_cat","embeddable":true,"href":"https:\/\/sig-land.com\/en\/wp-json\/wp\/v2\/product_cat?post=6727"},{"taxonomy":"product_tag","embeddable":true,"href":"https:\/\/sig-land.com\/en\/wp-json\/wp\/v2\/product_tag?post=6727"}],"curies":[{"name":"wp","href":"https:\/\/api.w.org\/{rel}","templated":true}]}}