{"id":6608,"date":"2024-11-15T20:37:08","date_gmt":"2024-11-15T20:37:08","guid":{"rendered":"https:\/\/sig-land.com\/?post_type=product&#038;p=6608"},"modified":"2025-09-20T21:23:26","modified_gmt":"2025-09-20T19:23:26","slug":"563-560-537","status":"publish","type":"product","link":"https:\/\/sig-land.com\/en\/Proizvod\/563-560-537\/","title":{"rendered":"563, 560, 537"},"content":{"rendered":"<p>Reflektujuci gel lak visoko pigmentovane i guste boje.<br \/>\nNe gu\u017eva se tokom su\u0161enja i obezbje\u0111uje glatku povr\u0161inu tokom nano\u0161enja.<br \/>\nPakovanje: 11ml<br \/>\nSu\u0161enje: 60 sec u lampi od 48w<\/p>\n","protected":false},"excerpt":{"rendered":"<p>Reflektujuci gel lak visoko pigmentovane i guste boje. Ne gu\u017eva se tokom su\u0161enja i obezbje\u0111uje glatku povr\u0161inu tokom nano\u0161enja. Pakovanje:&#8230;<\/p>\n","protected":false},"featured_media":9439,"template":"","meta":[],"product_brand":[],"product_cat":[201],"product_tag":[],"class_list":{"0":"post-6608","1":"product","2":"type-product","3":"status-publish","4":"has-post-thumbnail","6":"product_cat-gel-lak","8":"first","9":"instock","10":"taxable","11":"shipping-taxable","12":"purchasable","13":"product-type-simple"},"lang":"bs","translations":{"bs":6608},"_links":{"self":[{"href":"https:\/\/sig-land.com\/en\/wp-json\/wp\/v2\/product\/6608","targetHints":{"allow":["GET"]}}],"collection":[{"href":"https:\/\/sig-land.com\/en\/wp-json\/wp\/v2\/product"}],"about":[{"href":"https:\/\/sig-land.com\/en\/wp-json\/wp\/v2\/types\/product"}],"version-history":[{"count":3,"href":"https:\/\/sig-land.com\/en\/wp-json\/wp\/v2\/product\/6608\/revisions"}],"predecessor-version":[{"id":9027,"href":"https:\/\/sig-land.com\/en\/wp-json\/wp\/v2\/product\/6608\/revisions\/9027"}],"wp:featuredmedia":[{"embeddable":true,"href":"https:\/\/sig-land.com\/en\/wp-json\/wp\/v2\/media\/9439"}],"wp:attachment":[{"href":"https:\/\/sig-land.com\/en\/wp-json\/wp\/v2\/media?parent=6608"}],"wp:term":[{"taxonomy":"product_brand","embeddable":true,"href":"https:\/\/sig-land.com\/en\/wp-json\/wp\/v2\/product_brand?post=6608"},{"taxonomy":"product_cat","embeddable":true,"href":"https:\/\/sig-land.com\/en\/wp-json\/wp\/v2\/product_cat?post=6608"},{"taxonomy":"product_tag","embeddable":true,"href":"https:\/\/sig-land.com\/en\/wp-json\/wp\/v2\/product_tag?post=6608"}],"curies":[{"name":"wp","href":"https:\/\/api.w.org\/{rel}","templated":true}]}}