{"id":6548,"date":"2024-11-15T20:35:05","date_gmt":"2024-11-15T20:35:05","guid":{"rendered":"https:\/\/sig-land.com\/?post_type=product&#038;p=6548"},"modified":"2026-01-10T14:31:08","modified_gmt":"2026-01-10T13:31:08","slug":"624-763","status":"publish","type":"product","link":"https:\/\/sig-land.com\/en\/Proizvod\/624-763\/","title":{"rendered":"624, 763"},"content":{"rendered":"<p>Reflektujuci gel lak visoko pigmentovane i guste boje.<br \/>\nNe gu\u017eva se tokom su\u0161enja i obezbje\u0111uje glatku povr\u0161inu tokom nano\u0161enja.<br \/>\nPakovanje: 11ml<br \/>\nSu\u0161enje: 60 sec u lampi od 48w<\/p>\n","protected":false},"excerpt":{"rendered":"<p>Reflektujuci gel lak visoko pigmentovane i guste boje. Ne gu\u017eva se tokom su\u0161enja i obezbje\u0111uje glatku povr\u0161inu tokom nano\u0161enja. Pakovanje:&#8230;<\/p>\n","protected":false},"featured_media":9460,"template":"","meta":[],"product_brand":[],"product_cat":[201],"product_tag":[],"class_list":{"0":"post-6548","1":"product","2":"type-product","3":"status-publish","4":"has-post-thumbnail","6":"product_cat-gel-lak","8":"first","9":"instock","10":"taxable","11":"shipping-taxable","12":"purchasable","13":"product-type-variable"},"lang":"bs","translations":{"bs":6548},"_links":{"self":[{"href":"https:\/\/sig-land.com\/en\/wp-json\/wp\/v2\/product\/6548","targetHints":{"allow":["GET"]}}],"collection":[{"href":"https:\/\/sig-land.com\/en\/wp-json\/wp\/v2\/product"}],"about":[{"href":"https:\/\/sig-land.com\/en\/wp-json\/wp\/v2\/types\/product"}],"version-history":[{"count":4,"href":"https:\/\/sig-land.com\/en\/wp-json\/wp\/v2\/product\/6548\/revisions"}],"predecessor-version":[{"id":9048,"href":"https:\/\/sig-land.com\/en\/wp-json\/wp\/v2\/product\/6548\/revisions\/9048"}],"wp:featuredmedia":[{"embeddable":true,"href":"https:\/\/sig-land.com\/en\/wp-json\/wp\/v2\/media\/9460"}],"wp:attachment":[{"href":"https:\/\/sig-land.com\/en\/wp-json\/wp\/v2\/media?parent=6548"}],"wp:term":[{"taxonomy":"product_brand","embeddable":true,"href":"https:\/\/sig-land.com\/en\/wp-json\/wp\/v2\/product_brand?post=6548"},{"taxonomy":"product_cat","embeddable":true,"href":"https:\/\/sig-land.com\/en\/wp-json\/wp\/v2\/product_cat?post=6548"},{"taxonomy":"product_tag","embeddable":true,"href":"https:\/\/sig-land.com\/en\/wp-json\/wp\/v2\/product_tag?post=6548"}],"curies":[{"name":"wp","href":"https:\/\/api.w.org\/{rel}","templated":true}]}}