{"id":240,"date":"2019-05-30T11:07:24","date_gmt":"2019-05-30T11:07:24","guid":{"rendered":"https:\/\/democontent.codex-themes.com\/sites-elementor\/beauty-salon\/?page_id=240"},"modified":"2024-11-25T11:08:30","modified_gmt":"2024-11-25T11:08:30","slug":"opsti-uslovi","status":"publish","type":"page","link":"https:\/\/sig-land.com\/en\/services\/opsti-uslovi\/","title":{"rendered":"Op\u0161ti uslovi"},"content":{"rendered":"\t\t<div data-elementor-type=\"wp-page\" data-elementor-id=\"240\" class=\"elementor elementor-240\" data-elementor-post-type=\"page\">\n\t\t\t\t\t\t<section class=\"elementor-section elementor-top-section elementor-element elementor-element-6337621 elementor-section-boxed elementor-section-height-default elementor-section-height-default\" data-id=\"6337621\" data-element_type=\"section\" data-e-type=\"section\">\r\n\t\t\t\t\t\t<div class=\"elementor-container elementor-column-gap-thegem\"><div class=\"elementor-row\">\r\n\t\t\t\t\t<div class=\"elementor-column elementor-col-100 elementor-top-column elementor-element elementor-element-83088b7\" data-id=\"83088b7\" data-element_type=\"column\" data-e-type=\"column\">\n\t\t\t<div class=\"elementor-widget-wrap elementor-element-populated\">\n\t\t\t\t\t\t<div class=\"elementor-element elementor-element-1655060 flex-horizontal-align-default flex-horizontal-align-tablet-default flex-horizontal-align-mobile-default flex-vertical-align-default flex-vertical-align-tablet-default flex-vertical-align-mobile-default elementor-widget elementor-widget-heading\" data-id=\"1655060\" data-element_type=\"widget\" data-e-type=\"widget\" data-widget_type=\"heading.default\">\n\t\t\t\t<div class=\"elementor-widget-container\">\n\t\t\t\t\t<div class=\"title-h5 light elementor-heading-title elementor-size-default\">Sig Land<\/div>\t\t\t\t<\/div>\n\t\t\t\t<\/div>\n\t\t\t\t<div class=\"elementor-element elementor-element-d7d2c20 flex-horizontal-align-default flex-horizontal-align-tablet-default flex-horizontal-align-mobile-default flex-vertical-align-default flex-vertical-align-tablet-default flex-vertical-align-mobile-default elementor-widget elementor-widget-heading\" data-id=\"d7d2c20\" data-element_type=\"widget\" data-e-type=\"widget\" data-widget_type=\"heading.default\">\n\t\t\t\t<div class=\"elementor-widget-container\">\n\t\t\t\t\t<div class=\"title-h1 elementor-heading-title elementor-size-default\">Op\u0161ti uslovi poslovanja<\/div>\t\t\t\t<\/div>\n\t\t\t\t<\/div>\n\t\t\t\t\t<\/div>\n\t\t<\/div>\n\t\t\t\t\t<\/div><\/div>\r\n\t\t<\/section>\r\n\t\t<div class=\"elementor-element elementor-element-b6fbd5c thegem-e-con-layout-thegem e-flex e-con-boxed e-con e-parent\" data-id=\"b6fbd5c\" data-element_type=\"container\" data-e-type=\"container\" data-settings=\"{&quot;thegem_container_layout&quot;:&quot;thegem&quot;}\">\r\n\t\t\t\t\t<div class=\"e-con-inner\">\r\n\t\t\t\t<div class=\"elementor-element elementor-element-2745c50 flex-horizontal-align-default flex-horizontal-align-tablet-default flex-horizontal-align-mobile-default flex-vertical-align-default flex-vertical-align-tablet-default flex-vertical-align-mobile-default elementor-widget elementor-widget-text-editor\" data-id=\"2745c50\" data-element_type=\"widget\" data-e-type=\"widget\" data-widget_type=\"text-editor.default\">\n\t\t\t\t<div class=\"elementor-widget-container\">\n\t\t\t\t\t\t\t\t\t\t\t\t<div class=\"elementor-text-editor elementor-clearfix\">\r\n\t\t\t\t\t\t<div class=\"page-content\"><section class=\"wpb-content-wrapper\"><div class=\"vc_row wpb_row row top-row\"><div class=\"vc_column_container col-md-12\"><div class=\"wpb_wrapper vc_column-inner\"><h2 class=\"vc_custom_heading align-left\">Op\u0161ti uslovi poslovanja<\/h2><\/div><\/div><\/div><div class=\"vc_row wpb_row row top-row\"><div class=\"vc_column_container col-md-12\"><div class=\"wpb_wrapper vc_column-inner\"><div class=\"wpb_text_column wpb_content_element \"><div class=\"wpb_wrapper\"><h3>Sig land\u2013 prodaja kozmetike i pribora za manikir<\/h3><p>Molimo Vas da pa\u017eljivo pro\u010ditate uslove kori\u0161\u0107enja i prodaje.<br \/>Posjetom ili kupovinom u onlajn prodavnici <strong>www.sig-land.com<\/strong> (u daljem tekstu: \u201ce-shop\u201d prihvatate Op\u0161te uslove prodaje (u daljem tekstu \u201eOp\u0161ti uslovi\u201c) koji su navedeni u daljem tekstu. E-shop zadr\u017eava pravo da bez prethodnog obavje\u0161tavanja vr\u0161i izmjene i dopune ovih Op\u0161tih uslova.<\/p><p>Op\u0161ti uslovi poslovanja online prodavnice utvr\u0111eni su uslovima kupovine i prodaje proizvoda, koje realizuje<\/p><p>Op\u0161ti uslovi defini\u0161u postupak naru\u010divanja, pla\u0107anja, isporuke, povra\u0107aja i reklamacije robe ponu\u0111ene na na\u0161oj internet\u00a0 web stranici.<\/p><p>Kupac robe je posjetilac eshopa koji odabere barem jedan proizvod, ubaci ga u korpu, plati ga platnom karticom ili po\u0161alje narud\u017ebinu, pa proizvod plati pouze\u0107em (gotovinom prilikom dostave).<\/p><p>U skladu sa \u010dlanom 27. Zakona o za\u0161titi potro\u0161a\u010da (Sl.glasnik Republike Srpske br.6\/12,63\/14) i \u010dl. 43. Zakona o za\u0161titi potro\u0161a\u010da (Sl.glasnik BiH 25\/06), obavje\u0161tavamo svoje po\u0161tovane kupce:<\/p><ul><li>da se prodaja putem internet sajta obavlja u sklopu registrovane djelatnosti SIG LAND TR, Marije Bursa\u0107 5, Banja Luka, telefon: +387 065 354-564.<br \/>da se prema Zakonu o za\u0161titi potro\u0161a\u010da (<strong><a href=\"https:\/\/www.slglasnik.org\/cyr\" target=\"_blank\" rel=\"noopener\">Slu\u017ebeni glasnik RS<\/a><\/strong>, br. 62\/2014) kupovina preko na\u0161e prodajne internet stranice smatra prodajom na daljinu.<\/li><li>da se osnovna obilje\u017eja robe mogu na\u0107i na na\u0161em web sajtu<br \/>da roba koja se prodaje putem na\u0161eg internet sajta posjeduje svojstva potrebna za redovnu upotrebu te vrste robe u skladu sa njenom namjenom koja je definisana u Deklaraciji<\/li><li>da je prodajna cijena robe nazna\u010dena uz svaki artikal<\/li><li>da su sve cijene izra\u017eene u KM sa ura\u010dunatim PDV-om<\/li><li>da je usluga isporuke robe besplatna za sve porud\u017ebine preko 100.00 KM. Za sve kupovine u vrijednosti ispod 100.00 KM, iznos po\u0161tarine je 7 KM\u2013 kupljenu robu isporu\u010dujemo u roku od 4 dana putem brze po\u0161te.<\/li><\/ul><\/div><\/div><\/div><\/div><\/div><\/section><\/div>\t\t\t\t\t\t\t<\/div>\r\n\t\t\t\t\t\t\t\t\t\t<\/div>\n\t\t\t\t<\/div>\n\t\t\t\t\t<\/div>\n\t\t\t\t<\/div>\n\t\t\t\t<\/div>\n\t\t","protected":false},"excerpt":{"rendered":"<p>Sig Land Op\u0161ti uslovi poslovanja Op\u0161ti uslovi poslovanja Sig land\u2013 prodaja kozmetike i pribora za manikir Molimo Vas da pa\u017eljivo&#8230;<\/p>\n","protected":false},"author":1,"featured_media":0,"parent":908,"menu_order":0,"comment_status":"closed","ping_status":"closed","template":"page-fullwidth.php","meta":{"footnotes":""},"class_list":["post-240","page","type-page","status-publish"],"lang":"bs","translations":{"bs":240},"_links":{"self":[{"href":"https:\/\/sig-land.com\/en\/wp-json\/wp\/v2\/pages\/240","targetHints":{"allow":["GET"]}}],"collection":[{"href":"https:\/\/sig-land.com\/en\/wp-json\/wp\/v2\/pages"}],"about":[{"href":"https:\/\/sig-land.com\/en\/wp-json\/wp\/v2\/types\/page"}],"author":[{"embeddable":true,"href":"https:\/\/sig-land.com\/en\/wp-json\/wp\/v2\/users\/1"}],"replies":[{"embeddable":true,"href":"https:\/\/sig-land.com\/en\/wp-json\/wp\/v2\/comments?post=240"}],"version-history":[{"count":7,"href":"https:\/\/sig-land.com\/en\/wp-json\/wp\/v2\/pages\/240\/revisions"}],"predecessor-version":[{"id":7721,"href":"https:\/\/sig-land.com\/en\/wp-json\/wp\/v2\/pages\/240\/revisions\/7721"}],"up":[{"embeddable":true,"href":"https:\/\/sig-land.com\/en\/wp-json\/wp\/v2\/pages\/908"}],"wp:attachment":[{"href":"https:\/\/sig-land.com\/en\/wp-json\/wp\/v2\/media?parent=240"}],"curies":[{"name":"wp","href":"https:\/\/api.w.org\/{rel}","templated":true}]}}