{"id":8519,"date":"2025-05-23T05:56:16","date_gmt":"2025-05-23T05:56:16","guid":{"rendered":"https:\/\/sig-land.com\/?post_type=product&#038;p=8519"},"modified":"2026-01-09T16:52:14","modified_gmt":"2026-01-09T15:52:14","slug":"base-potale-127-128-129-130","status":"publish","type":"product","link":"https:\/\/sig-land.com\/ba\/Proizvod\/base-potale-127-128-129-130\/","title":{"rendered":"Base Potale 127, 128, 129, 130"},"content":{"rendered":"<p>Flash send baze su reflektuju\u0107e baze srednje konzistencije, jednostavne za nano\u0161enje.<br \/>\nImaju funkciju samonivelisanja i zasi\u0107ene pigmentacije.<br \/>\nPakovanje 11ml<br \/>\nSu\u0161enje: 60-90 sec u lampi od 48w<\/p>","protected":false},"excerpt":{"rendered":"<p>Flash send baze su reflektuju\u0107e baze srednje konzistencije, jednostavne za nano\u0161enje. Imaju funkciju samonivelisanja i zasi\u0107ene pigmentacije. Pakovanje 11ml Su\u0161enje:&#8230;<\/p>","protected":false},"featured_media":9383,"template":"","meta":[],"product_brand":[],"product_cat":[36],"product_tag":[],"class_list":{"0":"post-8519","1":"product","2":"type-product","3":"status-publish","4":"has-post-thumbnail","6":"product_cat-baze","8":"first","9":"instock","10":"taxable","11":"shipping-taxable","12":"purchasable","13":"product-type-variable"},"lang":"bs","translations":{"bs":8519},"_links":{"self":[{"href":"https:\/\/sig-land.com\/ba\/wp-json\/wp\/v2\/product\/8519","targetHints":{"allow":["GET"]}}],"collection":[{"href":"https:\/\/sig-land.com\/ba\/wp-json\/wp\/v2\/product"}],"about":[{"href":"https:\/\/sig-land.com\/ba\/wp-json\/wp\/v2\/types\/product"}],"version-history":[{"count":2,"href":"https:\/\/sig-land.com\/ba\/wp-json\/wp\/v2\/product\/8519\/revisions"}],"predecessor-version":[{"id":9317,"href":"https:\/\/sig-land.com\/ba\/wp-json\/wp\/v2\/product\/8519\/revisions\/9317"}],"wp:featuredmedia":[{"embeddable":true,"href":"https:\/\/sig-land.com\/ba\/wp-json\/wp\/v2\/media\/9383"}],"wp:attachment":[{"href":"https:\/\/sig-land.com\/ba\/wp-json\/wp\/v2\/media?parent=8519"}],"wp:term":[{"taxonomy":"product_brand","embeddable":true,"href":"https:\/\/sig-land.com\/ba\/wp-json\/wp\/v2\/product_brand?post=8519"},{"taxonomy":"product_cat","embeddable":true,"href":"https:\/\/sig-land.com\/ba\/wp-json\/wp\/v2\/product_cat?post=8519"},{"taxonomy":"product_tag","embeddable":true,"href":"https:\/\/sig-land.com\/ba\/wp-json\/wp\/v2\/product_tag?post=8519"}],"curies":[{"name":"wp","href":"https:\/\/api.w.org\/{rel}","templated":true}]}}