{"id":6841,"date":"2024-11-15T20:43:13","date_gmt":"2024-11-15T20:43:13","guid":{"rendered":"https:\/\/sig-land.com\/?post_type=product&#038;p=6841"},"modified":"2025-09-20T22:41:34","modified_gmt":"2025-09-20T20:41:34","slug":"546725-560-747-566-657","status":"publish","type":"product","link":"https:\/\/sig-land.com\/ba\/Proizvod\/546725-560-747-566-657\/","title":{"rendered":"546,725, 560, 747, 566, 657"},"content":{"rendered":"<p>Podloge optimalno udobne, srednje konzistencije, razli\u010ditih kamufla\u017enih nijansi.<br \/>\nOdlicne pigmentacije u samo jednom sloju.<br \/>\nSavr\u0161ene za french manikir i za samostalno no\u0161enje.<br \/>\nPakovanje: 11ml<br \/>\nSu\u0161enje: 60 sec u lampi od 48w<\/p>","protected":false},"excerpt":{"rendered":"<p>Podloge optimalno udobne, srednje konzistencije, razli\u010ditih kamufla\u017enih nijansi. Odlicne pigmentacije u samo jednom sloju. Savr\u0161ene za french manikir i za&#8230;<\/p>","protected":false},"featured_media":9428,"template":"","meta":[],"product_brand":[],"product_cat":[201],"product_tag":[],"class_list":{"0":"post-6841","1":"product","2":"type-product","3":"status-publish","4":"has-post-thumbnail","6":"product_cat-gel-lak","8":"first","9":"instock","10":"taxable","11":"shipping-taxable","12":"purchasable","13":"product-type-variable"},"lang":"bs","translations":{"bs":6841},"_links":{"self":[{"href":"https:\/\/sig-land.com\/ba\/wp-json\/wp\/v2\/product\/6841","targetHints":{"allow":["GET"]}}],"collection":[{"href":"https:\/\/sig-land.com\/ba\/wp-json\/wp\/v2\/product"}],"about":[{"href":"https:\/\/sig-land.com\/ba\/wp-json\/wp\/v2\/types\/product"}],"version-history":[{"count":4,"href":"https:\/\/sig-land.com\/ba\/wp-json\/wp\/v2\/product\/6841\/revisions"}],"predecessor-version":[{"id":9015,"href":"https:\/\/sig-land.com\/ba\/wp-json\/wp\/v2\/product\/6841\/revisions\/9015"}],"wp:featuredmedia":[{"embeddable":true,"href":"https:\/\/sig-land.com\/ba\/wp-json\/wp\/v2\/media\/9428"}],"wp:attachment":[{"href":"https:\/\/sig-land.com\/ba\/wp-json\/wp\/v2\/media?parent=6841"}],"wp:term":[{"taxonomy":"product_brand","embeddable":true,"href":"https:\/\/sig-land.com\/ba\/wp-json\/wp\/v2\/product_brand?post=6841"},{"taxonomy":"product_cat","embeddable":true,"href":"https:\/\/sig-land.com\/ba\/wp-json\/wp\/v2\/product_cat?post=6841"},{"taxonomy":"product_tag","embeddable":true,"href":"https:\/\/sig-land.com\/ba\/wp-json\/wp\/v2\/product_tag?post=6841"}],"curies":[{"name":"wp","href":"https:\/\/api.w.org\/{rel}","templated":true}]}}