{"id":6813,"date":"2024-11-15T20:42:45","date_gmt":"2024-11-15T20:42:45","guid":{"rendered":"https:\/\/sig-land.com\/?post_type=product&#038;p=6813"},"modified":"2026-01-09T17:25:32","modified_gmt":"2026-01-09T16:25:32","slug":"extra-baza","status":"publish","type":"product","link":"https:\/\/sig-land.com\/ba\/Proizvod\/extra-baza\/","title":{"rendered":"Base Light 103, 104, 105, 106, 107, 108"},"content":{"rendered":"<p>Providna baza guste konzistencije, idealna kao podloga za gel lak.<br \/>\nObezbjed\u0111je mega stepen adhezije i o\u010dvr\u0161\u0107avanja noktiju.<br \/>\nExtra baza je idealan izbor za lomljive, tanke i dehidrirane nokte.<br \/>\nPakovanje: 11ml<br \/>\nSu\u0161enje: 60 sec u lampi ja\u010dine 48w<\/p>","protected":false},"excerpt":{"rendered":"<p>Providna baza guste konzistencije, idealna kao podloga za gel lak. Obezbjed\u0111je mega stepen adhezije i o\u010dvr\u0161\u0107avanja noktiju. Extra baza je&#8230;<\/p>","protected":false},"featured_media":9369,"template":"","meta":[],"product_brand":[],"product_cat":[36],"product_tag":[],"class_list":{"0":"post-6813","1":"product","2":"type-product","3":"status-publish","4":"has-post-thumbnail","6":"product_cat-baze","8":"first","9":"instock","10":"taxable","11":"shipping-taxable","12":"purchasable","13":"product-type-variable"},"lang":"bs","translations":{"bs":6813},"_links":{"self":[{"href":"https:\/\/sig-land.com\/ba\/wp-json\/wp\/v2\/product\/6813","targetHints":{"allow":["GET"]}}],"collection":[{"href":"https:\/\/sig-land.com\/ba\/wp-json\/wp\/v2\/product"}],"about":[{"href":"https:\/\/sig-land.com\/ba\/wp-json\/wp\/v2\/types\/product"}],"version-history":[{"count":3,"href":"https:\/\/sig-land.com\/ba\/wp-json\/wp\/v2\/product\/6813\/revisions"}],"predecessor-version":[{"id":9303,"href":"https:\/\/sig-land.com\/ba\/wp-json\/wp\/v2\/product\/6813\/revisions\/9303"}],"wp:featuredmedia":[{"embeddable":true,"href":"https:\/\/sig-land.com\/ba\/wp-json\/wp\/v2\/media\/9369"}],"wp:attachment":[{"href":"https:\/\/sig-land.com\/ba\/wp-json\/wp\/v2\/media?parent=6813"}],"wp:term":[{"taxonomy":"product_brand","embeddable":true,"href":"https:\/\/sig-land.com\/ba\/wp-json\/wp\/v2\/product_brand?post=6813"},{"taxonomy":"product_cat","embeddable":true,"href":"https:\/\/sig-land.com\/ba\/wp-json\/wp\/v2\/product_cat?post=6813"},{"taxonomy":"product_tag","embeddable":true,"href":"https:\/\/sig-land.com\/ba\/wp-json\/wp\/v2\/product_tag?post=6813"}],"curies":[{"name":"wp","href":"https:\/\/api.w.org\/{rel}","templated":true}]}}