{"id":6745,"date":"2024-11-15T20:41:21","date_gmt":"2024-11-15T20:41:21","guid":{"rendered":"https:\/\/sig-land.com\/?post_type=product&#038;p=6745"},"modified":"2026-01-09T17:33:41","modified_gmt":"2026-01-09T16:33:41","slug":"base-sense-49-50-51-52-53-54-55","status":"publish","type":"product","link":"https:\/\/sig-land.com\/ba\/Proizvod\/base-sense-49-50-51-52-53-54-55\/","title":{"rendered":"Base Sense 49, 50, 51, 52, 53, 54, 55"},"content":{"rendered":"<p>Flash send baze su reflektuju\u0107e baze srednje konzistencije, jednostavne za nano\u0161enje.<br \/>\nImaju funkciju samonivelisanja i zasi\u0107ene pigmentacije.<br \/>\nPakovanje 11ml<br \/>\nSu\u0161enje: 60-90 sec u lampi od 48w<\/p>","protected":false},"excerpt":{"rendered":"<p>Flash send baze su reflektuju\u0107e baze srednje konzistencije, jednostavne za nano\u0161enje. Imaju funkciju samonivelisanja i zasi\u0107ene pigmentacije. Pakovanje 11ml Su\u0161enje:&#8230;<\/p>","protected":false},"featured_media":9393,"template":"","meta":[],"product_brand":[],"product_cat":[36],"product_tag":[],"class_list":{"0":"post-6745","1":"product","2":"type-product","3":"status-publish","4":"has-post-thumbnail","6":"product_cat-baze","8":"first","9":"instock","10":"taxable","11":"shipping-taxable","12":"purchasable","13":"product-type-variable"},"lang":"bs","translations":{"bs":6745},"_links":{"self":[{"href":"https:\/\/sig-land.com\/ba\/wp-json\/wp\/v2\/product\/6745","targetHints":{"allow":["GET"]}}],"collection":[{"href":"https:\/\/sig-land.com\/ba\/wp-json\/wp\/v2\/product"}],"about":[{"href":"https:\/\/sig-land.com\/ba\/wp-json\/wp\/v2\/types\/product"}],"version-history":[{"count":4,"href":"https:\/\/sig-land.com\/ba\/wp-json\/wp\/v2\/product\/6745\/revisions"}],"predecessor-version":[{"id":30184,"href":"https:\/\/sig-land.com\/ba\/wp-json\/wp\/v2\/product\/6745\/revisions\/30184"}],"wp:featuredmedia":[{"embeddable":true,"href":"https:\/\/sig-land.com\/ba\/wp-json\/wp\/v2\/media\/9393"}],"wp:attachment":[{"href":"https:\/\/sig-land.com\/ba\/wp-json\/wp\/v2\/media?parent=6745"}],"wp:term":[{"taxonomy":"product_brand","embeddable":true,"href":"https:\/\/sig-land.com\/ba\/wp-json\/wp\/v2\/product_brand?post=6745"},{"taxonomy":"product_cat","embeddable":true,"href":"https:\/\/sig-land.com\/ba\/wp-json\/wp\/v2\/product_cat?post=6745"},{"taxonomy":"product_tag","embeddable":true,"href":"https:\/\/sig-land.com\/ba\/wp-json\/wp\/v2\/product_tag?post=6745"}],"curies":[{"name":"wp","href":"https:\/\/api.w.org\/{rel}","templated":true}]}}