{"id":10416,"date":"2025-09-22T12:51:49","date_gmt":"2025-09-22T10:51:49","guid":{"rendered":"https:\/\/sig-land.com\/?post_type=product&#038;p=10416"},"modified":"2026-01-09T17:54:43","modified_gmt":"2026-01-09T16:54:43","slug":"base-shimmer-34-35-36-37-38-2","status":"publish","type":"product","link":"https:\/\/sig-land.com\/ba\/Proizvod\/base-shimmer-34-35-36-37-38-2\/","title":{"rendered":"Base Shimmer  &#8211; 34, 35, 36, 37, 38"},"content":{"rendered":"<p>Hard baze su serija \u010dvrstih podloga sa zavidnim prijanjanjem i kamufla\u017enim nijansama.<br \/>\nIma srednju, poprili\u010dno gustu konzistenciju, ali je istovremeno i lagana za rad i funkciju samonivelisanja. Idealna za French manikir ili samostalno no\u0161enje.<br \/>\nPakovanje: 11ml Su\u0161enje: 60 sec u lampi od 48w<\/p>","protected":false},"excerpt":{"rendered":"<p>Hard baze su serija \u010dvrstih podloga sa zavidnim prijanjanjem i kamufla\u017enim nijansama. Ima srednju, poprili\u010dno gustu konzistenciju, ali je istovremeno&#8230;<\/p>","protected":false},"featured_media":9396,"template":"","meta":[],"product_brand":[],"product_cat":[36],"product_tag":[],"class_list":{"0":"post-10416","1":"product","2":"type-product","3":"status-publish","4":"has-post-thumbnail","6":"product_cat-baze","8":"first","9":"instock","10":"taxable","11":"shipping-taxable","12":"purchasable","13":"product-type-variable"},"lang":"bs","translations":{"bs":10416},"_links":{"self":[{"href":"https:\/\/sig-land.com\/ba\/wp-json\/wp\/v2\/product\/10416","targetHints":{"allow":["GET"]}}],"collection":[{"href":"https:\/\/sig-land.com\/ba\/wp-json\/wp\/v2\/product"}],"about":[{"href":"https:\/\/sig-land.com\/ba\/wp-json\/wp\/v2\/types\/product"}],"version-history":[{"count":1,"href":"https:\/\/sig-land.com\/ba\/wp-json\/wp\/v2\/product\/10416\/revisions"}],"predecessor-version":[{"id":10427,"href":"https:\/\/sig-land.com\/ba\/wp-json\/wp\/v2\/product\/10416\/revisions\/10427"}],"wp:featuredmedia":[{"embeddable":true,"href":"https:\/\/sig-land.com\/ba\/wp-json\/wp\/v2\/media\/9396"}],"wp:attachment":[{"href":"https:\/\/sig-land.com\/ba\/wp-json\/wp\/v2\/media?parent=10416"}],"wp:term":[{"taxonomy":"product_brand","embeddable":true,"href":"https:\/\/sig-land.com\/ba\/wp-json\/wp\/v2\/product_brand?post=10416"},{"taxonomy":"product_cat","embeddable":true,"href":"https:\/\/sig-land.com\/ba\/wp-json\/wp\/v2\/product_cat?post=10416"},{"taxonomy":"product_tag","embeddable":true,"href":"https:\/\/sig-land.com\/ba\/wp-json\/wp\/v2\/product_tag?post=10416"}],"curies":[{"name":"wp","href":"https:\/\/api.w.org\/{rel}","templated":true}]}}